{"id":1588,"date":"2022-01-18T10:08:26","date_gmt":"2022-01-18T10:08:26","guid":{"rendered":"https:\/\/www.cazorsierra.es\/?page_id=1588"},"modified":"2022-01-18T10:43:05","modified_gmt":"2022-01-18T10:43:05","slug":"politica-de-privacidad","status":"publish","type":"page","link":"https:\/\/www.cazorsierra.es\/index.php\/politica-de-privacidad\/","title":{"rendered":"Pol\u00edtica de Privacidad."},"content":{"rendered":"\n<p>En este sitio web s\u00f3lo se recaban datos personales con el conocimiento y consentimiento de los usuarios<br>A continuaci\u00f3n le informamos sobre la pol\u00edtica de protecci\u00f3n de datos de Antonio <\/p>\n\n\n\n<p>(En adelante tambien Casa rural CazorSierra):<\/p>\n\n\n\n<ol class=\"wp-block-list\"><li>RESPONSBLE DE TRATAMIENTO. QUI\u00c9N VA A TRATAR SUS DATOS.<\/li><\/ol>\n\n\n\n<p>El responsable de tratamiento es   CazorSierra con NIF: 75105523N<br><br>Identidad: Antonio Astasio Galera<br>Direcci\u00f3n: Av. Xim\u00e9nez de Rada 121, 23470 Cazorla, Espa\u00f1a<br>Tel\u00e9fono: 686936699<br>Email: Antonio_astasi@hotmail.com<\/p>\n\n\n\n<p>2. PROCEDENCIA DE LOS DATOS<\/p>\n\n\n\n<p>Los datos personales que trata CazorSierra proceden directamente de usted mediante: \u2022 Formularios web ( Contacto, registro, suscripci\u00f3n..)<br>\u2022 Correo electr\u00f3nico<br>\u2022 Telef\u00f3nicamente<\/p>\n\n\n\n<p>Las categor\u00edas de datos que se tratan son:<\/p>\n\n\n\n<ul class=\"wp-block-list\"><li>Car\u00e1cter identificativo<\/li><li>Datos de contacto<\/li><li>Datos bancarios<\/li><\/ul>\n\n\n\n<p>PRESTACION DE LOS SERVICIOS<br>Se utilizaran sus datos para la prestaci\u00f3n de los servicios ofrecidos por Casa Rural El Lunch\u00f3n:<\/p>\n\n\n\n<p>1. Alquiler vacacional con fines turisticos<\/p>\n\n\n\n<p>GESTIONES COMERCIALES Y ADMINISTRATIVAS<\/p>\n\n\n\n<p>Esta finalidad incluye el tratamiento de tus datos para, principalmente:<\/p>\n\n\n\n<ol class=\"wp-block-list\"><li>Contactar con usted en relaci\u00f3n a actualizaciones o comunicaciones informativas relacionadas con las funcionalidades, productos o servicios contratados.<\/li><li>Gestionar el pago de los productos o servicios solicitados, independientemente del medio de pago utilizado.<\/li><li>Gestionar posibles devoluciones una vez haya realizado una reserva y gestionar solicitudes de informaci\u00f3n sobre la disponibilidad, reservas a trav\u00e9s de la web, seg\u00fan dichas opciones se encuentren disponibles en cada momento.<\/li><li>Con fines de facturaci\u00f3n.<\/li><\/ol>\n\n\n\n<p>RESULUCI\u00d3N DE CONSULTAS O DUDAS<br>S\u00f3lo tratamos los datos personales que sean estrictamente necesarios para gestionar o resolver tu solicitud o petici\u00f3n.<\/p>\n\n\n\n<p>Recuerde que, cuando le pidamos que rellene sus datos personales para darle acceso a alguna funcionalidad o servicio, marcaremos algunos campos como obligatorios, puesto que son datos que necesitamos para poder prestarle el servicio o darle acceso a la funcionalidad en cuesti\u00f3n. Por favor, tenga en cuenta que si decide no facilitarnos esos datos, es posible que no pueda completar su registro como usuario o que no pueda disfrutar de esos servicios o funcionalidades.<\/p>\n\n\n\n<p>CazorSierra procurar\u00e1 en todo momento establecer mecanismos adecuados para obtener el consentimiento del usuario en cada uno de los formularios. El usuario garantiza la veracidad de los datos aportados y se compromete a comunicar cualquier cambio que se produzca en los mismos.<\/p>\n\n\n\n<ol class=\"wp-block-list\"><li>LEGITIMACI\u00d3N. \u00bfPOR QU\u00c9 USAMOS SUS DATOS PERSONALES?<br>CazorSierra est\u00e1 legitimado para usar sus datos personales por diferentes motivos.<br>El principal es para poder prestarle el servicio que usted ha solicitado, ya sea a trav\u00e9s de nuestra web o por alg\u00fan otro medio facilitado.<br>Asimismo, tambi\u00e9n podremos estar legitimados dado su inter\u00e9s para poder atender sus consultas o en el consentimiento que nos presta para enviarle presupuesto, nuestra newsletter, o suscribirse a nuestro blog.<\/li><li>CONSERVACI\u00d3N DE SUS DATOS. \u00bfCU\u00c1NTO TIEMPO LOS CONSERVAREMOS?<br>Los datos personales proporcionados se conservar\u00e1n durante el tiempo necesario para cumplir con la finalidad para la que se recaban. Una vez finalizado este plazo conservaremos tus datos debidamente guardados y protegidos durante los plazos de prescripci\u00f3n legal exigidos. Una vez prescriban las posibles acciones de cada caso, procederemos a la supresi\u00f3n de los datos personales.<\/li><li>\u00bfA QUI\u00c9N COMUNICAMOS SUS DATOS?<br>Para cumplir las finalidades indicadas en la presente Pol\u00edtica de Privacidad, es necesario que demos acceso a tus datos personales a entidades que nos prestan apoyo en los servicios que te ofrecemos, a saber:<br>Entidades financieras<br>Proveedores de servicios tecnol\u00f3gicos<br>Entidades de asesoramiento empresarial<\/li><\/ol>\n\n\n\n<p>Al margen de las se\u00f1aladas, CazorSierra no ceder\u00e1 los datos personales a terceros, excepto por obligaci\u00f3n legal. Sin embargo, en el caso de ser cedidos a alg\u00fan tercero se informar\u00e1 previamente al usuario solicitando el consentimiento expreso para tal cesi\u00f3n. La entidad responsable de la base de datos, as\u00ed como los que intervengan en cualquier fase del tratamiento y\/o las entidades a quienes se los haya comunicado -en todo caso siempre con la correspondiente autorizaci\u00f3n otorgada por el usuario-, est\u00e1n obligadas a observar el secreto profesional y a la adopci\u00f3n de los niveles de protecci\u00f3n y las medidas t\u00e9cnicas y organizativas necesarias a su alcance para garantizar la seguridad de los datos de car\u00e1cter personal, evitando, dentro de lo posible, accesos no autorizados, modificaciones il\u00edcitas, sustracciones y\/o la p\u00e9rdida de los datos, con objeto de procurar el correspondiente nivel de seguridad de los ficheros, seg\u00fan la naturaleza y sensibilidad de los datos facilitados por los usuarios del presente sitio web.<\/p>\n\n\n\n<ol class=\"wp-block-list\"><li>DERECHOS QUE PUEDE EJERCER<br>El interesado puede ejercer los siguientes derechos: \u2022 Derecho a solicitar el acceso a sus datos personales.<br>\u2022 Derecho a solicitar su rectificaci\u00f3n o supresi\u00f3n.<br>\u2022 Derecho a solicitar la limitaci\u00f3n de su tratamiento.<br>\u2022 Derecho a oponerse al tratamiento.<br>\u2022 Derecho a la portabilidad de los datos.<br>\u2022 Derecho a retirar el consentimiento prestado.<\/li><\/ol>\n\n\n\n<p><meta charset=\"utf-8\">Podr\u00e1 ejercer cualquiera de estos derechos dirigi\u00e9ndose a Av. Xim\u00e9nez de Rada 121, 23470 Cazorla, Espa\u00f1a o enviando un correo electr\u00f3nico a antonio_astasi@hotmail.com, indicando como Asunto: \u201cRGPD\/LOPD, Derechos ARCO\u201d, y adjuntando fotocopia de su DNI o cualquier medio de identificaci\u00f3n an\u00e1logo, tal y como indica la ley. CazorSierra deber\u00e1 contestar la solicitud en el plazo de un mes a partir de la recepci\u00f3n de la solicitud. Dicho plazo podr\u00e1 prorrogarse otros dos meses en el caso de ser necesario, teniendo en cuenta la complejidad y el n\u00famero de solicitudes.<\/p>\n\n\n\n<p>Tiene derecho a retirar el consentimiento prestado en cualquier momento enviando correo electr\u00f3nico a antonio_astasi@hotmail.com. La retirada del consentimiento no afectar\u00e1 a la licitud del tratamiento efectuado antes de la retirada del consentimiento. Tambi\u00e9n tiene derecho a presentar una reclamaci\u00f3n ante la autoridad de control si considera que pueden haberse visto vulnerados sus derechos en relaci\u00f3n a la protecci\u00f3n de sus datos (agpd.es).<\/p>\n\n\n\n<ol class=\"wp-block-list\"><li>SUS DATOS EST\u00c1N SEGUROS<br>CazorSierra garantiza que ha implementado medidas de seguridad, t\u00e9cnicas y organizativas apropiadas para garantizar y proteger la confidencialidad, integridad y disponibilidad de los datos personados que cada usuario proporciona.<\/li><li>CAMBIOS EN LA POL\u00cdTICA DE PRIVACIDAD<br>CazorSierra se reserva el derecho a modificar la presente pol\u00edtica para adaptarla a novedades legislativas o jurisprudencia.<\/li><li>CONTENIDO DE LA WEB Y ENLACES (LINKS)<br>Cazorsierra se reserva el derecho a actualizar, modificar o eliminar la informaci\u00f3n contenida en la web, pudiendo, incluso, limitar o no permitir el acceso a la informaci\u00f3n.<br>Cazorsierra no asume ning\u00fan tipo de responsabilidad por la informaci\u00f3n contenida en las Webs de terceros a las que se pueda acceder por los \u00ablinks\u00bb o enlaces desde cualquier p\u00e1gina Web propiedad del Prestador.<br>La presencia de \u00ablinks\u00bb o enlaces s\u00f3lo tienen finalidad informativa y en ning\u00fan caso supone ninguna sugerencia, invitaci\u00f3n o reconocimiento sobre los mismos.<\/li><li>CORREOS COMERCIALES<br>De acuerdo con la LSSICE, Cazorsierra no realiza pr\u00e1cticas de SPAM, por lo tanto, no env\u00eda correos comerciales por e-mail que no hayan sido previamente solicitados o autorizados por el Usuario. En consecuencia, en cada uno de los formularios de la P\u00e1gina Web, el usuario tiene la posibilidad de dar su consentimiento expreso para recibir nuestro bolet\u00edn, con independencia de la informaci\u00f3n comercial puntualmente solicitada.<\/li><li>\u00bfALGUNA CONSULTA SOBRE ESTA POL\u00cdTICA O TUS DERECHOS?<br>En el caso de tener alguna duda o pregunta sobre la pol\u00edtica de privacidad o sobre c\u00f3mo gestionar alg\u00fan dato personal que nos hayas proporcionado puedes contactar en antonio_astasi@hotmail.com.<\/li><\/ol>\n","protected":false},"excerpt":{"rendered":"<p>En este sitio web s\u00f3lo se recaban datos personales con el conocimiento y consentimiento de los usuariosA continuaci\u00f3n le informamos sobre la pol\u00edtica de protecci\u00f3n de datos de Antonio (En adelante tambien Casa rural CazorSierra): RESPONSBLE DE TRATAMIENTO. QUI\u00c9N VA A TRATAR SUS DATOS. El responsable de tratamiento es CazorSierra con NIF: 75105523N Identidad: Antonio &hellip;<\/p>\n<p class=\"read-more\"> <a class=\"\" href=\"https:\/\/www.cazorsierra.es\/index.php\/politica-de-privacidad\/\"> <span class=\"screen-reader-text\">Pol\u00edtica de Privacidad.<\/span> Leer m\u00e1s &raquo;<\/a><\/p>\n","protected":false},"author":1,"featured_media":0,"parent":0,"menu_order":0,"comment_status":"closed","ping_status":"closed","template":"","meta":{"site-sidebar-layout":"default","site-content-layout":"default","ast-global-header-display":"","ast-main-header-display":"","ast-hfb-above-header-display":"","ast-hfb-below-header-display":"","ast-hfb-mobile-header-display":"","site-post-title":"","ast-breadcrumbs-content":"","ast-featured-img":"","footer-sml-layout":"","theme-transparent-header-meta":"","adv-header-id-meta":"","stick-header-meta":"","header-above-stick-meta":"","header-main-stick-meta":"","header-below-stick-meta":"","footnotes":""},"class_list":["post-1588","page","type-page","status-publish","hentry"],"uagb_featured_image_src":{"full":false,"thumbnail":false,"medium":false,"medium_large":false,"large":false,"1536x1536":false,"2048x2048":false},"uagb_author_info":{"display_name":"Antonio","author_link":"https:\/\/www.cazorsierra.es\/index.php\/author\/admin\/"},"uagb_comment_info":0,"uagb_excerpt":"En este sitio web s\u00f3lo se recaban datos personales con el conocimiento y consentimiento de los usuariosA continuaci\u00f3n le informamos sobre la pol\u00edtica de protecci\u00f3n de datos de Antonio (En adelante tambien Casa rural CazorSierra): RESPONSBLE DE TRATAMIENTO. QUI\u00c9N VA A TRATAR SUS DATOS. El responsable de tratamiento es CazorSierra con NIF: 75105523N Identidad: Antonio&hellip;","_links":{"self":[{"href":"https:\/\/www.cazorsierra.es\/index.php\/wp-json\/wp\/v2\/pages\/1588","targetHints":{"allow":["GET"]}}],"collection":[{"href":"https:\/\/www.cazorsierra.es\/index.php\/wp-json\/wp\/v2\/pages"}],"about":[{"href":"https:\/\/www.cazorsierra.es\/index.php\/wp-json\/wp\/v2\/types\/page"}],"author":[{"embeddable":true,"href":"https:\/\/www.cazorsierra.es\/index.php\/wp-json\/wp\/v2\/users\/1"}],"replies":[{"embeddable":true,"href":"https:\/\/www.cazorsierra.es\/index.php\/wp-json\/wp\/v2\/comments?post=1588"}],"version-history":[{"count":3,"href":"https:\/\/www.cazorsierra.es\/index.php\/wp-json\/wp\/v2\/pages\/1588\/revisions"}],"predecessor-version":[{"id":1594,"href":"https:\/\/www.cazorsierra.es\/index.php\/wp-json\/wp\/v2\/pages\/1588\/revisions\/1594"}],"wp:attachment":[{"href":"https:\/\/www.cazorsierra.es\/index.php\/wp-json\/wp\/v2\/media?parent=1588"}],"curies":[{"name":"wp","href":"https:\/\/api.w.org\/{rel}","templated":true}]}}