{"id":1316,"date":"2021-01-29T12:16:42","date_gmt":"2021-01-29T12:16:42","guid":{"rendered":"https:\/\/www.cazorsierra.es\/index.php\/home\/"},"modified":"2022-05-24T11:18:08","modified_gmt":"2022-05-24T11:18:08","slug":"inicio","status":"publish","type":"page","link":"https:\/\/www.cazorsierra.es\/","title":{"rendered":"Inicio"},"content":{"rendered":"\t\t<div data-elementor-type=\"wp-page\" data-elementor-id=\"1316\" class=\"elementor elementor-1316\">\n\t\t\t\t\t\t\t\t\t<section class=\"elementor-section elementor-top-section elementor-element elementor-element-9645530 elementor-section-boxed elementor-section-height-default elementor-section-height-default\" data-id=\"9645530\" data-element_type=\"section\">\n\t\t\t\t\t\t<div class=\"elementor-container elementor-column-gap-default\">\n\t\t\t\t\t<div class=\"elementor-column elementor-col-100 elementor-top-column elementor-element elementor-element-ad0b62c\" data-id=\"ad0b62c\" data-element_type=\"column\">\n\t\t\t<div class=\"elementor-widget-wrap elementor-element-populated\">\n\t\t\t\t\t\t\t\t<div class=\"elementor-element elementor-element-3ad178b elementor-widget-divider--view-line elementor-widget elementor-widget-divider\" data-id=\"3ad178b\" data-element_type=\"widget\" data-widget_type=\"divider.default\">\n\t\t\t\t<div class=\"elementor-widget-container\">\n\t\t\t<style>\/*! elementor - v3.6.5 - 27-04-2022 *\/\n.elementor-widget-divider{--divider-border-style:none;--divider-border-width:1px;--divider-color:#2c2c2c;--divider-icon-size:20px;--divider-element-spacing:10px;--divider-pattern-height:24px;--divider-pattern-size:20px;--divider-pattern-url:none;--divider-pattern-repeat:repeat-x}.elementor-widget-divider .elementor-divider{display:-webkit-box;display:-ms-flexbox;display:flex}.elementor-widget-divider .elementor-divider__text{font-size:15px;line-height:1;max-width:95%}.elementor-widget-divider .elementor-divider__element{margin:0 var(--divider-element-spacing);-ms-flex-negative:0;flex-shrink:0}.elementor-widget-divider .elementor-icon{font-size:var(--divider-icon-size)}.elementor-widget-divider .elementor-divider-separator{display:-webkit-box;display:-ms-flexbox;display:flex;margin:0;direction:ltr}.elementor-widget-divider--view-line_icon .elementor-divider-separator,.elementor-widget-divider--view-line_text .elementor-divider-separator{-webkit-box-align:center;-ms-flex-align:center;align-items:center}.elementor-widget-divider--view-line_icon .elementor-divider-separator:after,.elementor-widget-divider--view-line_icon .elementor-divider-separator:before,.elementor-widget-divider--view-line_text .elementor-divider-separator:after,.elementor-widget-divider--view-line_text .elementor-divider-separator:before{display:block;content:\"\";border-bottom:0;-webkit-box-flex:1;-ms-flex-positive:1;flex-grow:1;border-top:var(--divider-border-width) var(--divider-border-style) var(--divider-color)}.elementor-widget-divider--element-align-left .elementor-divider .elementor-divider-separator>.elementor-divider__svg:first-of-type{-webkit-box-flex:0;-ms-flex-positive:0;flex-grow:0;-ms-flex-negative:100;flex-shrink:100}.elementor-widget-divider--element-align-left .elementor-divider-separator:before{content:none}.elementor-widget-divider--element-align-left .elementor-divider__element{margin-left:0}.elementor-widget-divider--element-align-right .elementor-divider .elementor-divider-separator>.elementor-divider__svg:last-of-type{-webkit-box-flex:0;-ms-flex-positive:0;flex-grow:0;-ms-flex-negative:100;flex-shrink:100}.elementor-widget-divider--element-align-right .elementor-divider-separator:after{content:none}.elementor-widget-divider--element-align-right .elementor-divider__element{margin-right:0}.elementor-widget-divider:not(.elementor-widget-divider--view-line_text):not(.elementor-widget-divider--view-line_icon) .elementor-divider-separator{border-top:var(--divider-border-width) var(--divider-border-style) var(--divider-color)}.elementor-widget-divider--separator-type-pattern{--divider-border-style:none}.elementor-widget-divider--separator-type-pattern.elementor-widget-divider--view-line .elementor-divider-separator,.elementor-widget-divider--separator-type-pattern:not(.elementor-widget-divider--view-line) .elementor-divider-separator:after,.elementor-widget-divider--separator-type-pattern:not(.elementor-widget-divider--view-line) .elementor-divider-separator:before,.elementor-widget-divider--separator-type-pattern:not([class*=elementor-widget-divider--view]) .elementor-divider-separator{width:100%;min-height:var(--divider-pattern-height);-webkit-mask-size:var(--divider-pattern-size) 100%;mask-size:var(--divider-pattern-size) 100%;-webkit-mask-repeat:var(--divider-pattern-repeat);mask-repeat:var(--divider-pattern-repeat);background-color:var(--divider-color);-webkit-mask-image:var(--divider-pattern-url);mask-image:var(--divider-pattern-url)}.elementor-widget-divider--no-spacing{--divider-pattern-size:auto}.elementor-widget-divider--bg-round{--divider-pattern-repeat:round}.rtl .elementor-widget-divider .elementor-divider__text{direction:rtl}<\/style>\t\t<div class=\"elementor-divider\">\n\t\t\t<span class=\"elementor-divider-separator\">\n\t\t\t\t\t\t<\/span>\n\t\t<\/div>\n\t\t\t\t<\/div>\n\t\t\t\t<\/div>\n\t\t\t\t<div class=\"elementor-element elementor-element-6b71434 elementor-widget elementor-widget-heading\" data-id=\"6b71434\" data-element_type=\"widget\" data-widget_type=\"heading.default\">\n\t\t\t\t<div class=\"elementor-widget-container\">\n\t\t\t<style>\/*! elementor - v3.6.5 - 27-04-2022 *\/\n.elementor-heading-title{padding:0;margin:0;line-height:1}.elementor-widget-heading .elementor-heading-title[class*=elementor-size-]>a{color:inherit;font-size:inherit;line-height:inherit}.elementor-widget-heading .elementor-heading-title.elementor-size-small{font-size:15px}.elementor-widget-heading .elementor-heading-title.elementor-size-medium{font-size:19px}.elementor-widget-heading .elementor-heading-title.elementor-size-large{font-size:29px}.elementor-widget-heading .elementor-heading-title.elementor-size-xl{font-size:39px}.elementor-widget-heading .elementor-heading-title.elementor-size-xxl{font-size:59px}<\/style><h2 class=\"elementor-heading-title elementor-size-default\">Bienvenido a CAZORSIERRA<\/h2>\t\t<\/div>\n\t\t\t\t<\/div>\n\t\t\t\t<div class=\"elementor-element elementor-element-a3da1ef elementor-widget elementor-widget-text-editor\" data-id=\"a3da1ef\" data-element_type=\"widget\" data-widget_type=\"text-editor.default\">\n\t\t\t\t<div class=\"elementor-widget-container\">\n\t\t\t<style>\/*! elementor - v3.6.5 - 27-04-2022 *\/\n.elementor-widget-text-editor.elementor-drop-cap-view-stacked .elementor-drop-cap{background-color:#818a91;color:#fff}.elementor-widget-text-editor.elementor-drop-cap-view-framed .elementor-drop-cap{color:#818a91;border:3px solid;background-color:transparent}.elementor-widget-text-editor:not(.elementor-drop-cap-view-default) .elementor-drop-cap{margin-top:8px}.elementor-widget-text-editor:not(.elementor-drop-cap-view-default) .elementor-drop-cap-letter{width:1em;height:1em}.elementor-widget-text-editor .elementor-drop-cap{float:left;text-align:center;line-height:1;font-size:50px}.elementor-widget-text-editor .elementor-drop-cap-letter{display:inline-block}<\/style>\t\t\t\t<p>Si quieres pasar unos d\u00edas en la naturaleza de Cazorla. CazorSierra es tu sitio ideal para descansar con tranquilidad.<\/p><p>Vivienda con fines tur\u00edsticos.<\/p>\t\t\t\t\t\t<\/div>\n\t\t\t\t<\/div>\n\t\t\t\t\t<\/div>\n\t\t<\/div>\n\t\t\t\t\t\t\t<\/div>\n\t\t<\/section>\n\t\t\t\t<section class=\"elementor-section elementor-top-section elementor-element elementor-element-439fb9d elementor-section-boxed elementor-section-height-default elementor-section-height-default\" data-id=\"439fb9d\" data-element_type=\"section\">\n\t\t\t\t\t\t<div class=\"elementor-container elementor-column-gap-default\">\n\t\t\t\t\t<div class=\"elementor-column elementor-col-50 elementor-top-column elementor-element elementor-element-da6f51f\" data-id=\"da6f51f\" data-element_type=\"column\">\n\t\t\t<div class=\"elementor-widget-wrap elementor-element-populated\">\n\t\t\t\t\t\t\t\t<div class=\"elementor-element elementor-element-fd39e87 elementor-align-center elementor-widget elementor-widget-button\" data-id=\"fd39e87\" data-element_type=\"widget\" data-widget_type=\"button.default\">\n\t\t\t\t<div class=\"elementor-widget-container\">\n\t\t\t\t\t<div class=\"elementor-button-wrapper\">\n\t\t\t<a href=\"#\" class=\"elementor-button-link elementor-button elementor-size-sm\" role=\"button\">\n\t\t\t\t\t\t<span class=\"elementor-button-content-wrapper\">\n\t\t\t\t\t\t<span class=\"elementor-button-text\">Contactar<\/span>\n\t\t<\/span>\n\t\t\t\t\t<\/a>\n\t\t<\/div>\n\t\t\t\t<\/div>\n\t\t\t\t<\/div>\n\t\t\t\t\t<\/div>\n\t\t<\/div>\n\t\t\t\t<div class=\"elementor-column elementor-col-50 elementor-top-column elementor-element elementor-element-9d9ec68\" data-id=\"9d9ec68\" data-element_type=\"column\">\n\t\t\t<div class=\"elementor-widget-wrap elementor-element-populated\">\n\t\t\t\t\t\t\t\t<div class=\"elementor-element elementor-element-c8bd4d2 elementor-widget elementor-widget-image\" data-id=\"c8bd4d2\" data-element_type=\"widget\" data-widget_type=\"image.default\">\n\t\t\t\t<div class=\"elementor-widget-container\">\n\t\t\t<style>\/*! elementor - v3.6.5 - 27-04-2022 *\/\n.elementor-widget-image{text-align:center}.elementor-widget-image a{display:inline-block}.elementor-widget-image a img[src$=\".svg\"]{width:48px}.elementor-widget-image img{vertical-align:middle;display:inline-block}<\/style>\t\t\t\t\t\t\t\t\t\t\t\t<img loading=\"lazy\" decoding=\"async\" width=\"1024\" height=\"682\" src=\"https:\/\/www.cazorsierra.es\/wp-content\/uploads\/2022\/01\/PHOTO-2022-01-13-11-51-59-1024x682.jpg\" class=\"attachment-large size-large\" alt=\"\" srcset=\"https:\/\/www.cazorsierra.es\/wp-content\/uploads\/2022\/01\/PHOTO-2022-01-13-11-51-59-1024x682.jpg 1024w, https:\/\/www.cazorsierra.es\/wp-content\/uploads\/2022\/01\/PHOTO-2022-01-13-11-51-59-300x200.jpg 300w, https:\/\/www.cazorsierra.es\/wp-content\/uploads\/2022\/01\/PHOTO-2022-01-13-11-51-59-768x512.jpg 768w, https:\/\/www.cazorsierra.es\/wp-content\/uploads\/2022\/01\/PHOTO-2022-01-13-11-51-59-1536x1023.jpg 1536w, https:\/\/www.cazorsierra.es\/wp-content\/uploads\/2022\/01\/PHOTO-2022-01-13-11-51-59.jpg 1600w\" sizes=\"auto, (max-width: 1024px) 100vw, 1024px\" \/>\t\t\t\t\t\t\t\t\t\t\t\t\t\t\t<\/div>\n\t\t\t\t<\/div>\n\t\t\t\t\t<\/div>\n\t\t<\/div>\n\t\t\t\t\t\t\t<\/div>\n\t\t<\/section>\n\t\t\t\t<section class=\"elementor-section elementor-top-section elementor-element elementor-element-55b1de6 elementor-section-boxed elementor-section-height-default elementor-section-height-default\" data-id=\"55b1de6\" data-element_type=\"section\">\n\t\t\t\t\t\t<div class=\"elementor-container elementor-column-gap-default\">\n\t\t\t\t\t<div class=\"elementor-column elementor-col-100 elementor-top-column elementor-element elementor-element-7c55dfa\" data-id=\"7c55dfa\" data-element_type=\"column\">\n\t\t\t<div class=\"elementor-widget-wrap elementor-element-populated\">\n\t\t\t\t\t\t\t\t<div class=\"elementor-element elementor-element-c225aed elementor-widget elementor-widget-heading\" data-id=\"c225aed\" data-element_type=\"widget\" data-widget_type=\"heading.default\">\n\t\t\t\t<div class=\"elementor-widget-container\">\n\t\t\t<h2 class=\"elementor-heading-title elementor-size-default\">Siente, vive y disfruta<\/h2>\t\t<\/div>\n\t\t\t\t<\/div>\n\t\t\t\t\t<\/div>\n\t\t<\/div>\n\t\t\t\t\t\t\t<\/div>\n\t\t<\/section>\n\t\t\t\t<section class=\"elementor-section elementor-top-section elementor-element elementor-element-5d39280 elementor-section-boxed elementor-section-height-default elementor-section-height-default\" data-id=\"5d39280\" data-element_type=\"section\">\n\t\t\t\t\t\t<div class=\"elementor-container elementor-column-gap-default\">\n\t\t\t\t\t<div class=\"elementor-column elementor-col-100 elementor-top-column elementor-element elementor-element-49d1727\" data-id=\"49d1727\" data-element_type=\"column\">\n\t\t\t<div class=\"elementor-widget-wrap elementor-element-populated\">\n\t\t\t\t\t\t\t\t<div class=\"elementor-element elementor-element-8c240ae elementor-widget elementor-widget-text-editor\" data-id=\"8c240ae\" data-element_type=\"widget\" data-widget_type=\"text-editor.default\">\n\t\t\t\t<div class=\"elementor-widget-container\">\n\t\t\t\t\t\t\t<p>Vivienda en planta baja, capacidad para 6 personas.<\/p><p>Tres amplios dormitorios, uno con ba\u00f1o privado, sal\u00f3n con cristaleras, cocina y dos ba\u00f1os.<\/p><p>Ubicado en carretera al parque natural de Cazorla, aparcamiento libre.<\/p>\t\t\t\t\t\t<\/div>\n\t\t\t\t<\/div>\n\t\t\t\t\t<\/div>\n\t\t<\/div>\n\t\t\t\t\t\t\t<\/div>\n\t\t<\/section>\n\t\t\t\t<section class=\"elementor-section elementor-top-section elementor-element elementor-element-5dfebf1 elementor-section-boxed elementor-section-height-default elementor-section-height-default\" data-id=\"5dfebf1\" data-element_type=\"section\">\n\t\t\t\t\t\t<div class=\"elementor-container elementor-column-gap-default\">\n\t\t\t\t\t<div class=\"elementor-column elementor-col-50 elementor-top-column elementor-element elementor-element-9f7e10e\" data-id=\"9f7e10e\" data-element_type=\"column\">\n\t\t\t<div class=\"elementor-widget-wrap elementor-element-populated\">\n\t\t\t\t\t\t\t\t<div class=\"elementor-element elementor-element-b1ac772 elementor-widget elementor-widget-image\" data-id=\"b1ac772\" data-element_type=\"widget\" data-widget_type=\"image.default\">\n\t\t\t\t<div class=\"elementor-widget-container\">\n\t\t\t\t\t\t\t\t\t\t\t\t\t\t\t<img loading=\"lazy\" decoding=\"async\" width=\"1024\" height=\"682\" src=\"https:\/\/www.cazorsierra.es\/wp-content\/uploads\/2022\/01\/PHOTO-2022-01-13-11-51-56-1024x682.jpg\" class=\"attachment-large size-large\" alt=\"\" srcset=\"https:\/\/www.cazorsierra.es\/wp-content\/uploads\/2022\/01\/PHOTO-2022-01-13-11-51-56-1024x682.jpg 1024w, https:\/\/www.cazorsierra.es\/wp-content\/uploads\/2022\/01\/PHOTO-2022-01-13-11-51-56-300x200.jpg 300w, https:\/\/www.cazorsierra.es\/wp-content\/uploads\/2022\/01\/PHOTO-2022-01-13-11-51-56-768x512.jpg 768w, https:\/\/www.cazorsierra.es\/wp-content\/uploads\/2022\/01\/PHOTO-2022-01-13-11-51-56-1536x1023.jpg 1536w, https:\/\/www.cazorsierra.es\/wp-content\/uploads\/2022\/01\/PHOTO-2022-01-13-11-51-56.jpg 1600w\" sizes=\"auto, (max-width: 1024px) 100vw, 1024px\" \/>\t\t\t\t\t\t\t\t\t\t\t\t\t\t\t<\/div>\n\t\t\t\t<\/div>\n\t\t\t\t\t<\/div>\n\t\t<\/div>\n\t\t\t\t<div class=\"elementor-column elementor-col-50 elementor-top-column elementor-element elementor-element-fcc3707\" data-id=\"fcc3707\" data-element_type=\"column\">\n\t\t\t<div class=\"elementor-widget-wrap elementor-element-populated\">\n\t\t\t\t\t\t\t\t<div class=\"elementor-element elementor-element-8c5071c elementor-widget elementor-widget-image\" data-id=\"8c5071c\" data-element_type=\"widget\" data-widget_type=\"image.default\">\n\t\t\t\t<div class=\"elementor-widget-container\">\n\t\t\t\t\t\t\t\t\t\t\t\t\t\t\t<img loading=\"lazy\" decoding=\"async\" width=\"1024\" height=\"683\" src=\"https:\/\/www.cazorsierra.es\/wp-content\/uploads\/2022\/01\/PHOTO-2022-01-13-11-51-57-1024x683.jpg\" class=\"attachment-large size-large\" alt=\"\" srcset=\"https:\/\/www.cazorsierra.es\/wp-content\/uploads\/2022\/01\/PHOTO-2022-01-13-11-51-57-1024x683.jpg 1024w, https:\/\/www.cazorsierra.es\/wp-content\/uploads\/2022\/01\/PHOTO-2022-01-13-11-51-57-300x200.jpg 300w, https:\/\/www.cazorsierra.es\/wp-content\/uploads\/2022\/01\/PHOTO-2022-01-13-11-51-57-768x512.jpg 768w, https:\/\/www.cazorsierra.es\/wp-content\/uploads\/2022\/01\/PHOTO-2022-01-13-11-51-57-1536x1024.jpg 1536w, https:\/\/www.cazorsierra.es\/wp-content\/uploads\/2022\/01\/PHOTO-2022-01-13-11-51-57.jpg 1680w\" sizes=\"auto, (max-width: 1024px) 100vw, 1024px\" \/>\t\t\t\t\t\t\t\t\t\t\t\t\t\t\t<\/div>\n\t\t\t\t<\/div>\n\t\t\t\t\t<\/div>\n\t\t<\/div>\n\t\t\t\t\t\t\t<\/div>\n\t\t<\/section>\n\t\t\t\t<section class=\"elementor-section elementor-top-section elementor-element elementor-element-9a9cc0c elementor-section-boxed elementor-section-height-default elementor-section-height-default\" data-id=\"9a9cc0c\" data-element_type=\"section\">\n\t\t\t\t\t\t<div class=\"elementor-container elementor-column-gap-default\">\n\t\t\t\t\t<div class=\"elementor-column elementor-col-100 elementor-top-column elementor-element elementor-element-0389ec3\" data-id=\"0389ec3\" data-element_type=\"column\">\n\t\t\t<div class=\"elementor-widget-wrap elementor-element-populated\">\n\t\t\t\t\t\t\t\t<div class=\"elementor-element elementor-element-43ab3f4 elementor-widget elementor-widget-image\" data-id=\"43ab3f4\" data-element_type=\"widget\" data-widget_type=\"image.default\">\n\t\t\t\t<div class=\"elementor-widget-container\">\n\t\t\t\t\t\t\t\t\t\t\t\t\t\t\t<img loading=\"lazy\" decoding=\"async\" width=\"1024\" height=\"683\" src=\"https:\/\/www.cazorsierra.es\/wp-content\/uploads\/2022\/01\/PHOTO-2022-01-13-11-51-54-1024x683.jpg\" class=\"attachment-large size-large\" alt=\"\" srcset=\"https:\/\/www.cazorsierra.es\/wp-content\/uploads\/2022\/01\/PHOTO-2022-01-13-11-51-54-1024x683.jpg 1024w, https:\/\/www.cazorsierra.es\/wp-content\/uploads\/2022\/01\/PHOTO-2022-01-13-11-51-54-300x200.jpg 300w, https:\/\/www.cazorsierra.es\/wp-content\/uploads\/2022\/01\/PHOTO-2022-01-13-11-51-54-768x512.jpg 768w, https:\/\/www.cazorsierra.es\/wp-content\/uploads\/2022\/01\/PHOTO-2022-01-13-11-51-54-1536x1024.jpg 1536w, https:\/\/www.cazorsierra.es\/wp-content\/uploads\/2022\/01\/PHOTO-2022-01-13-11-51-54.jpg 1680w\" sizes=\"auto, (max-width: 1024px) 100vw, 1024px\" \/>\t\t\t\t\t\t\t\t\t\t\t\t\t\t\t<\/div>\n\t\t\t\t<\/div>\n\t\t\t\t\t<\/div>\n\t\t<\/div>\n\t\t\t\t\t\t\t<\/div>\n\t\t<\/section>\n\t\t\t\t<section class=\"elementor-section elementor-top-section elementor-element elementor-element-ed701a4 elementor-section-boxed elementor-section-height-default elementor-section-height-default\" data-id=\"ed701a4\" data-element_type=\"section\">\n\t\t\t\t\t\t<div class=\"elementor-container elementor-column-gap-default\">\n\t\t\t\t\t<div class=\"elementor-column elementor-col-50 elementor-top-column elementor-element elementor-element-2b8375e\" data-id=\"2b8375e\" data-element_type=\"column\">\n\t\t\t<div class=\"elementor-widget-wrap elementor-element-populated\">\n\t\t\t\t\t\t\t\t<div class=\"elementor-element elementor-element-b872d63 elementor-widget elementor-widget-heading\" data-id=\"b872d63\" data-element_type=\"widget\" data-widget_type=\"heading.default\">\n\t\t\t\t<div class=\"elementor-widget-container\">\n\t\t\t<h2 class=\"elementor-heading-title elementor-size-default\">Sobre mi <\/h2>\t\t<\/div>\n\t\t\t\t<\/div>\n\t\t\t\t<div class=\"elementor-element elementor-element-9c198fc elementor-widget elementor-widget-text-editor\" data-id=\"9c198fc\" data-element_type=\"widget\" data-widget_type=\"text-editor.default\">\n\t\t\t\t<div class=\"elementor-widget-container\">\n\t\t\t\t\t\t\t<p>Hola, soy Antonio amante de mi tierra Cazorla, 42 a\u00f1os.<\/p><p>Pase unos a\u00f1os en Albacete trabajando de dise\u00f1o gr\u00e1fico.<\/p><p>Soy tetrapl\u00e9flico eso no me impide hacer vida normal.<\/p><p>Extrovertido, me gusta conocer a mis clientes sin excederme y aprender culturas nuevas.<\/p><p>Me gustan los retos, aventurero, perfeccionista y muy amable.<\/p>\t\t\t\t\t\t<\/div>\n\t\t\t\t<\/div>\n\t\t\t\t\t<\/div>\n\t\t<\/div>\n\t\t\t\t<div class=\"elementor-column elementor-col-50 elementor-top-column elementor-element elementor-element-8d4a769\" data-id=\"8d4a769\" data-element_type=\"column\">\n\t\t\t<div class=\"elementor-widget-wrap elementor-element-populated\">\n\t\t\t\t\t\t\t\t<div class=\"elementor-element elementor-element-ecea026 elementor-widget elementor-widget-image\" data-id=\"ecea026\" data-element_type=\"widget\" data-widget_type=\"image.default\">\n\t\t\t\t<div class=\"elementor-widget-container\">\n\t\t\t\t\t\t\t\t\t\t\t\t\t\t\t<img loading=\"lazy\" decoding=\"async\" width=\"528\" height=\"960\" src=\"https:\/\/www.cazorsierra.es\/wp-content\/uploads\/2022\/01\/PHOTO-2022-01-17-20-08-24.jpg\" class=\"attachment-large size-large\" alt=\"\" srcset=\"https:\/\/www.cazorsierra.es\/wp-content\/uploads\/2022\/01\/PHOTO-2022-01-17-20-08-24.jpg 528w, https:\/\/www.cazorsierra.es\/wp-content\/uploads\/2022\/01\/PHOTO-2022-01-17-20-08-24-165x300.jpg 165w\" sizes=\"auto, (max-width: 528px) 100vw, 528px\" \/>\t\t\t\t\t\t\t\t\t\t\t\t\t\t\t<\/div>\n\t\t\t\t<\/div>\n\t\t\t\t\t<\/div>\n\t\t<\/div>\n\t\t\t\t\t\t\t<\/div>\n\t\t<\/section>\n\t\t\t\t\t\t\t<\/div>\n\t\t","protected":false},"excerpt":{"rendered":"<p>Bienvenido a CAZORSIERRA Si quieres pasar unos d\u00edas en la naturaleza de Cazorla. CazorSierra es tu sitio ideal para descansar con tranquilidad. Vivienda con fines tur\u00edsticos. Contactar Siente, vive y disfruta Vivienda en planta baja, capacidad para 6 personas. Tres amplios dormitorios, uno con ba\u00f1o privado, sal\u00f3n con cristaleras, cocina y dos ba\u00f1os. Ubicado en &hellip;<\/p>\n<p class=\"read-more\"> <a class=\"\" href=\"https:\/\/www.cazorsierra.es\/\"> <span class=\"screen-reader-text\">Inicio<\/span> Leer m\u00e1s &raquo;<\/a><\/p>\n","protected":false},"author":1,"featured_media":0,"parent":0,"menu_order":0,"comment_status":"closed","ping_status":"closed","template":"elementor_theme","meta":{"site-sidebar-layout":"no-sidebar","site-content-layout":"page-builder","ast-global-header-display":"","ast-main-header-display":"","ast-hfb-above-header-display":"","ast-hfb-below-header-display":"","ast-hfb-mobile-header-display":"","site-post-title":"disabled","ast-breadcrumbs-content":"disabled","ast-featured-img":"disabled","footer-sml-layout":"","theme-transparent-header-meta":"enabled","adv-header-id-meta":"","stick-header-meta":"","header-above-stick-meta":"","header-main-stick-meta":"","header-below-stick-meta":"","footnotes":""},"class_list":["post-1316","page","type-page","status-publish","hentry"],"uagb_featured_image_src":{"full":false,"thumbnail":false,"medium":false,"medium_large":false,"large":false,"1536x1536":false,"2048x2048":false},"uagb_author_info":{"display_name":"Antonio","author_link":"https:\/\/www.cazorsierra.es\/index.php\/author\/admin\/"},"uagb_comment_info":0,"uagb_excerpt":"Bienvenido a CAZORSIERRA Si quieres pasar unos d\u00edas en la naturaleza de Cazorla. CazorSierra es tu sitio ideal para descansar con tranquilidad. Vivienda con fines tur\u00edsticos. Contactar Siente, vive y disfruta Vivienda en planta baja, capacidad para 6 personas. Tres amplios dormitorios, uno con ba\u00f1o privado, sal\u00f3n con cristaleras, cocina y dos ba\u00f1os. Ubicado en&hellip;","_links":{"self":[{"href":"https:\/\/www.cazorsierra.es\/index.php\/wp-json\/wp\/v2\/pages\/1316","targetHints":{"allow":["GET"]}}],"collection":[{"href":"https:\/\/www.cazorsierra.es\/index.php\/wp-json\/wp\/v2\/pages"}],"about":[{"href":"https:\/\/www.cazorsierra.es\/index.php\/wp-json\/wp\/v2\/types\/page"}],"author":[{"embeddable":true,"href":"https:\/\/www.cazorsierra.es\/index.php\/wp-json\/wp\/v2\/users\/1"}],"replies":[{"embeddable":true,"href":"https:\/\/www.cazorsierra.es\/index.php\/wp-json\/wp\/v2\/comments?post=1316"}],"version-history":[{"count":109,"href":"https:\/\/www.cazorsierra.es\/index.php\/wp-json\/wp\/v2\/pages\/1316\/revisions"}],"predecessor-version":[{"id":1626,"href":"https:\/\/www.cazorsierra.es\/index.php\/wp-json\/wp\/v2\/pages\/1316\/revisions\/1626"}],"wp:attachment":[{"href":"https:\/\/www.cazorsierra.es\/index.php\/wp-json\/wp\/v2\/media?parent=1316"}],"curies":[{"name":"wp","href":"https:\/\/api.w.org\/{rel}","templated":true}]}}